{"id":597,"date":"2019-01-31T11:52:35","date_gmt":"2019-01-31T10:52:35","guid":{"rendered":"http:\/\/archivioocarm.com\/eventi-ed-iniziative\/assegno-di-ricerca-p-emanuele-boaga-ocarm-terza-edizione-2019-2\/"},"modified":"2023-05-24T10:34:08","modified_gmt":"2023-05-24T08:34:08","slug":"assegno-di-ricerca-p-emanuele-boaga-ocarm-terza-edizione-2019-2","status":"publish","type":"page","link":"https:\/\/archivioocarm.com\/en\/assegno-di-ricerca-p-emanuele-boaga-ocarm-terza-edizione-2019-2\/","title":{"rendered":"Assegno di ricerca alla memoria di p. Emanuele Boaga, O.Carm. \u2013 Terza edizione (2019)"},"content":{"rendered":"<h1><img data-recalc-dims=\"1\" loading=\"lazy\" decoding=\"async\" data-attachment-id=\"611\" data-permalink=\"https:\/\/archivioocarm.com\/en\/assegno-di-ricerca-p-emanuele-boaga-ocarm-terza-edizione-2019-2\/pergamenabando_0000\/\" data-orig-file=\"https:\/\/i0.wp.com\/archivioocarm.com\/wp-content\/uploads\/2019\/01\/pergamenabando_0000.jpg?fit=3947%2C2731&amp;ssl=1\" data-orig-size=\"3947,2731\" data-comments-opened=\"1\" data-image-meta=\"{&quot;aperture&quot;:&quot;0&quot;,&quot;credit&quot;:&quot;1996-2004 AccuSoft Co., All rights reserved&quot;,&quot;camera&quot;:&quot;&quot;,&quot;caption&quot;:&quot;&quot;,&quot;created_timestamp&quot;:&quot;1548928136&quot;,&quot;copyright&quot;:&quot;&quot;,&quot;focal_length&quot;:&quot;0&quot;,&quot;iso&quot;:&quot;0&quot;,&quot;shutter_speed&quot;:&quot;0&quot;,&quot;title&quot;:&quot;&quot;,&quot;orientation&quot;:&quot;0&quot;}\" data-image-title=\"Documenti\" data-image-description=\"&lt;p&gt;Documenti&lt;\/p&gt;\" data-image-caption=\"\" data-large-file=\"https:\/\/i0.wp.com\/archivioocarm.com\/wp-content\/uploads\/2019\/01\/pergamenabando_0000.jpg?fit=720%2C498&amp;ssl=1\" class=\"size-full wp-image-611 aligncenter\" src=\"https:\/\/i0.wp.com\/archivioocarm.com\/wp-content\/uploads\/2019\/01\/pergamenabando_0000.jpg?resize=720%2C498&#038;ssl=1\" alt=\"pergamenabando_0000\" width=\"720\" height=\"498\"><\/h1>\n<h1 class=\"entry-title\" style=\"text-align:justify\"><strong style=\"font-size:16px\"><span style=\"color:#993366\">BANDO DI SELEZIONE PER IL CONFERIMENTO DI N. 1 ASSEGNO DI RICERCA<\/span><\/strong><\/h1>\n<div class=\"entry-content\" style=\"text-align:justify\">\n<p><span style=\"color:#993366\"><strong><u>Decorrenza 1 febbraio 2019 \u2013 Scadenza 1 agosto 2019<\/u><\/strong><\/span><\/p>\n<p><span style=\"color:var(--color-text)\">Conformemente alle proprie finalit\u00e0, l\u2019Archivio Generale dell\u2019Ordine Carmelitano indice una selezione per <\/span><strong style=\"color:var(--color-text)\">titoli<\/strong><span style=\"color:var(--color-text)\">&nbsp;e&nbsp;<\/span><strong style=\"color:var(--color-text)\">colloquio<\/strong><span style=\"color:var(--color-text)\">&nbsp;per il conferimento a studiosi di&nbsp;<\/span><strong style=\"color:var(--color-text)\">n. 1 assegno di ricerca<\/strong><span style=\"color:var(--color-text)\">, intitolato alla memoria dell\u2019archivista p. Emanuele Boaga, O.Carm., per lo svolgimento di&nbsp;<\/span><strong style=\"color:var(--color-text)\">ricerche storiche, storico-religiose, filologiche o archivistiche relative all\u2019Ordine Carmelitano<\/strong><span style=\"color:var(--color-text)\">, da condursi utilizzando il patrimonio dell\u2019AGOC, e che abbiano come obiettivo la produzione di un elaborato scientifico (articolo, monografia, edizione di fonti, inventariazione ecc.). La Commissione Scientifica si riserver\u00e0 di valutare la pubblicazione di tale elaborato nelle riviste o collane scientifiche dell\u2019Ordine Carmelitano.<\/span><\/p>\n<\/div>\n<p style=\"text-align:justify\">Importo dell\u2019assegno: 5000 euro (lordi)<\/p>\n<p style=\"text-align:justify\">Regime di prestazione autonoma e assenza di vincoli di subordinazione: il vincitore non sar\u00e0 inserito nell&#8217;organigramma dell&#8217;Archivio n\u00e9 nelle sue attivit\u00e0 e potr\u00e0 liberamente organizzare la propria ricerca, anche da casa. Tasse ed eventuali contributi previdenziali saranno determinati sulla base del regime fiscale del vincitore (p.iva o gestione separata): per tale ragione il vincitore prescelto dovr\u00e0 comunicare la propria situazione fiscale all&#8217;amministrazione dell&#8217;Archivio al momento dell&#8217;accettazione dell&#8217;assegno.<\/p>\n<p style=\"text-align:justify\">Assegno&nbsp;compatibile&nbsp;con altre borse o redditi da lavoro.<\/p>\n<p style=\"text-align:justify\">Durata: 9 mesi (1 ottobre 2019 \u2013 30 giugno 2020), durante i quali l\u2019assegnista sar\u00e0 libero di organizzare in piena autonomia tempi e modi della ricerca.<\/p>\n<p style=\"text-align:justify\">Per ogni richiesta di ulteriori informazioni, v\u2019invitiamo a scrivere al seguente indirizzo: archivio@ocarm.org<\/p>\n<p><strong><span style=\"text-decoration:underline\"><span style=\"color:#3366ff;text-decoration:underline\"><a style=\"color:#3366ff;text-decoration:underline\" title=\"1.bando assegno e. boaga 2019 - definitivo\" href=\"https:\/\/archivioocarm.com\/wp-content\/uploads\/2019\/01\/1.bando-assegno-e.-boaga-2019-definitivo.pdf\" target=\"_blank\" rel=\"noopener noreferrer\">SCARICA BANDO 2019<\/a><\/span><\/span><\/strong><\/p>\n<p><span style=\"text-decoration:underline\"><strong><span style=\"color:#3366ff;text-decoration:underline\"><a style=\"color:#3366ff;text-decoration:underline\" title=\"2.allegato 1_domanda di ammissione bando boaga 2018\" href=\"https:\/\/archivioocarm.com\/wp-content\/uploads\/2019\/01\/2.allegato-1_domanda-di-ammissione-bando-boaga-2018.pdf\" target=\"_blank\" rel=\"noopener noreferrer\">SCARICA ALLEGATO 1: DOMANDA DI PARTECIPAZIONE<\/a><\/span><\/strong><\/span><\/p>\n<p><span style=\"text-decoration:underline\"><span style=\"color:#3366ff;text-decoration:underline\"><strong><a style=\"color:#3366ff;text-decoration:underline\" title=\"3.allegato 2_vademecum\" href=\"https:\/\/archivioocarm.com\/wp-content\/uploads\/2019\/01\/3.allegato-2_vademecum.pdf\" target=\"_blank\" rel=\"noopener noreferrer\">SCARICA ALLEGATO 2: VADEMECUM<\/a><\/strong><\/span><\/span><\/p>\n<p>&nbsp;<\/p>\n<div class=\"ellip\" style=\"text-align:justify\">\u00c8 risultato vincitore del bando il dottor&nbsp;<strong>Jacopo De&nbsp;<\/strong><span class=\"text_exposed_show\"><strong>Santis<\/strong>, dottore di ricerca in Storia e Scienze sociali e archivista paleografo diplomato alla Scuola APD dell\u2019Archivio di Stato di Roma. Lavorer\u00e0 a un progetto intitolato&nbsp;<strong>\u201cL\u2019archivio del convento di Santa Maria in Traspontina: una proposta di riordinamento e inventariazione\u201d<\/strong>.<\/span><\/div>\n<div><\/div>\n<div><span style=\"color:#3366ff\"><strong><a style=\"color:#3366ff\" title=\"Assegno Boaga 2019_Verbale\" href=\"https:\/\/archivioocarm.com\/wp-content\/uploads\/2019\/10\/assegno-boaga-2019_verbale.pdf\">SCARICA Verbale_AssegnoBoaga2019<\/a><\/strong><\/span><\/div>","protected":false},"excerpt":{"rendered":"<p>BANDO DI SELEZIONE PER IL CONFERIMENTO DI N. 1 ASSEGNO DI RICERCA Decorrenza 1 febbraio 2019 \u2013 Scadenza 1 agosto 2019 Conformemente alle proprie finalit\u00e0, l\u2019Archivio Generale dell\u2019Ordine Carmelitano indice una selezione per titoli&nbsp;e&nbsp;colloquio&nbsp;per il conferimento a studiosi di&nbsp;n. 1 assegno di ricerca, intitolato alla memoria dell\u2019archivista p. Emanuele Boaga, O.Carm., per lo svolgimento di&nbsp;ricerche [&hellip;]<\/p>\n","protected":false},"author":117379667,"featured_media":0,"parent":0,"menu_order":0,"comment_status":"closed","ping_status":"closed","template":"","meta":{"_coblocks_attr":"","_coblocks_dimensions":"","_coblocks_responsive_height":"","_coblocks_accordion_ie_support":"","_crdt_document":"","advanced_seo_description":"","jetpack_seo_html_title":"","jetpack_seo_noindex":false,"footnotes":""},"tags":[765454384],"class_list":{"0":"post-597","1":"page","2":"type-page","3":"status-publish","5":"tag-assegno-di-ricerca-archivio","6":"entry"},"jetpack_likes_enabled":true,"jetpack_sharing_enabled":true,"jetpack_shortlink":"https:\/\/wp.me\/P8qkcQ-9D","_links":{"self":[{"href":"https:\/\/archivioocarm.com\/en\/wp-json\/wp\/v2\/pages\/597","targetHints":{"allow":["GET"]}}],"collection":[{"href":"https:\/\/archivioocarm.com\/en\/wp-json\/wp\/v2\/pages"}],"about":[{"href":"https:\/\/archivioocarm.com\/en\/wp-json\/wp\/v2\/types\/page"}],"author":[{"embeddable":true,"href":"https:\/\/archivioocarm.com\/en\/wp-json\/wp\/v2\/users\/117379667"}],"replies":[{"embeddable":true,"href":"https:\/\/archivioocarm.com\/en\/wp-json\/wp\/v2\/comments?post=597"}],"version-history":[{"count":23,"href":"https:\/\/archivioocarm.com\/en\/wp-json\/wp\/v2\/pages\/597\/revisions"}],"predecessor-version":[{"id":1697,"href":"https:\/\/archivioocarm.com\/en\/wp-json\/wp\/v2\/pages\/597\/revisions\/1697"}],"wp:attachment":[{"href":"https:\/\/archivioocarm.com\/en\/wp-json\/wp\/v2\/media?parent=597"}],"wp:term":[{"taxonomy":"post_tag","embeddable":true,"href":"https:\/\/archivioocarm.com\/en\/wp-json\/wp\/v2\/tags?post=597"}],"curies":[{"name":"wp","href":"https:\/\/api.w.org\/{rel}","templated":true}]}}