{"id":4,"date":"2017-02-21T12:48:48","date_gmt":"2017-02-21T11:48:48","guid":{"rendered":"https:\/\/archivioocarm.com\/?page_id=4"},"modified":"2025-09-24T11:34:11","modified_gmt":"2025-09-24T09:34:11","slug":"contatti","status":"publish","type":"page","link":"https:\/\/archivioocarm.com\/en\/contatti\/","title":{"rendered":"Contatti e orari"},"content":{"rendered":"<p class=\"has-text-align-justify wp-block-paragraph\"><strong>Indirizzo:&nbsp;<\/strong>via Sforza Pallavicini 10, Roma (linea metro A, fermata Lepanto o Ottaviano).<\/p>\n\n\n\n<p class=\"wp-block-paragraph\"><strong>E-mail:&nbsp;<\/strong>archivio@ocarm.org; biblioteca.carmelitana@gmail.com.<\/p>\n\n\n\n<p class=\"has-text-align-justify wp-block-paragraph\"><strong>Tel.:<\/strong>&nbsp;06 6810081&nbsp;(centralino);&nbsp;06 68100822 (linea diretta Archivio); 06 68100856 (linea diretta Biblioteca).<\/p>\n\n\n\n<p class=\"wp-block-paragraph\">Chiamare&nbsp;esclusivamente&nbsp;nei giorni e orari di apertura al pubblico:<\/p>\n\n\n\n<ul class=\"wp-block-list\">\n<li><strong>AGOC:&nbsp;<\/strong>marted\u00ec, mercoled\u00ec e gioved\u00ec, ore 9:30-12:45 e 14:00-17:45<strong>.<\/strong><\/li>\n\n\n\n<li><strong>BiGOC:<\/strong>&nbsp;luned\u00ec e marted\u00ec, ore 9:30-18:00; gioved\u00ec, ore 9:30-13:00 <strong>(l&#8217;accesso alla Sezione Generale della Biblioteca \u00e8 momentaneamente sospeso)<\/strong>.<\/li>\n<\/ul>\n\n\n\n<p class=\"has-text-align-justify wp-block-paragraph\"><strong>Data la limitata disponibilit\u00e0 di postazioni per la consultazione, consigliamo di contattarci preventivamente per chiedere un appuntamento.<\/strong><\/p>\n\n\n\n<p class=\"has-text-align-justify wp-block-paragraph\">Per quanto concerne le&nbsp;<strong>ricerche a distanza<\/strong>, l\u2019Archivio e la Biblioteca Carmelitane&nbsp;<strong>non&nbsp;<\/strong>svolgono ricerche per conto di terzi, ossia&nbsp;<strong>non si sostituiscono agli studiosi e ai ricercatori&nbsp;<\/strong>nell\u2019individuazione e valutazione di specifiche informazioni e singoli documenti, ma garantiscono l\u2019accesso e la consultazione al materiale archivistico e bibliografico ivi conservato, indirizzando il ricercatore su fondi e serie che potrebbero rivelarsi attinenti all\u2019ambito di ricerca; il personale potrebbe altres\u00ec indirizzare lo studioso verso altri istituti di conservazione pi\u00f9 pertinenti.<br>La responsabilit\u00e0 della ricerca resta in capo allo studioso, che \u00e8 tenuto a svolgere il proprio lavoro autonomamente, in presenza oppure usufruendo del servizio di fotoriproduzione a pagamento.<\/p>\n\n\n\n<p class=\"wp-block-paragraph\">Per approfondimenti si rimanda alle sezioni&nbsp;<strong>REGOLAMENTI&nbsp;<\/strong>e&nbsp;<strong>SERVIZI<\/strong>.<\/p>\n\n\n\n<p class=\"wp-block-paragraph\"><\/p>\n\n\n\n<p class=\"wp-block-paragraph\">Per iscriversi alla&nbsp;<strong>newsletter dell\u2019Archivio e della Biblioteca Generali dei Carmelitani<\/strong>, si pu\u00f2 accedere al seguente link: <\/p>\n\n\n\n<p class=\"has-text-align-center has-white-background-color has-text-color has-background has-link-color wp-elements-0d400a638619ccc45520a02358f579f5 wp-block-paragraph\" style=\"color:#170be5\"><strong><mark style=\"background-color:rgba(0, 0, 0, 0);color:#170be5\" class=\"has-inline-color\"><a href=\"https:\/\/www.ocarm.info\/cgi-bin\/dada\/mail.cgi\/list\/prayer\/\" rel=\"nofollow\">https:\/\/www.ocarm.info\/cgi-bin\/dada\/mail.cgi\/list\/prayer\/<\/a><\/mark><\/strong><\/p>\n\n\n\n<p class=\"wp-block-paragraph\"><\/p>\n\n\n\n<p class=\"has-text-align-center wp-block-paragraph\">Seguici anche sui nostri canali social<\/p>\n\n\n\n<p class=\"has-text-align-center has-white-background-color has-text-color has-background has-link-color wp-elements-8a59fb4dafdcc47cf6a15a1b547b2904 wp-block-paragraph\" style=\"color:#170be5\"><mark style=\"background-color:rgba(0, 0, 0, 0)\" class=\"has-inline-color has-black-color\">Instagram:<\/mark><a href=\"https:\/\/www.instagram.com\/archiviobiblioteca_carmelitani\/\"><mark style=\"background-color:rgba(0, 0, 0, 0);color:#170be5\" class=\"has-inline-color\"> <strong>https:\/\/www.instagram.com\/archiviobiblioteca_carmelitani\/<\/strong><\/mark><\/a><\/p>\n\n\n\n<p class=\"has-text-align-center has-white-background-color has-text-color has-background has-link-color wp-elements-a9056b5c718ec746a63b30ae3b661685 wp-block-paragraph\" style=\"color:#170be5\"><mark style=\"background-color:rgba(0, 0, 0, 0);color:#010101\" class=\"has-inline-color\">Facebook:<\/mark> <strong><a href=\"https:\/\/www.facebook.com\/archivioocarm\" target=\"_blank\" rel=\"noreferrer noopener\"><mark style=\"background-color:rgba(0, 0, 0, 0);color:#170be5\" class=\"has-inline-color\">https:\/\/www.facebook.com\/archivioocarm<\/mark><\/a><\/strong>&nbsp;e <a href=\"https:\/\/www.facebook.com\/p\/Biblioteca-Generale-Carmelitana-100090864132610\/\"><strong><mark style=\"background-color:rgba(0, 0, 0, 0);color:#170be5\" class=\"has-inline-color\">https:\/\/www.facebook.com\/p\/Biblioteca-Generale-Carmelitana-100090864132610\/<\/mark><\/strong><\/a><\/p>\n\n\n\n<p class=\"wp-block-paragraph\"><\/p>","protected":false},"excerpt":{"rendered":"<p>Questo \u00e8 solo un piccolo estratto per la pagina dei&nbsp;contatti.<\/p>","protected":false},"author":117379667,"featured_media":92,"parent":0,"menu_order":2,"comment_status":"closed","ping_status":"closed","template":"","meta":{"_coblocks_attr":"","_coblocks_dimensions":"","_coblocks_responsive_height":"","_coblocks_accordion_ie_support":"","_crdt_document":"","advanced_seo_description":"","jetpack_seo_html_title":"","jetpack_seo_noindex":false,"footnotes":""},"tags":[],"class_list":{"0":"post-4","1":"page","2":"type-page","3":"status-publish","4":"has-post-thumbnail","6":"entry"},"jetpack_likes_enabled":null,"jetpack_sharing_enabled":false,"jetpack_shortlink":"https:\/\/wp.me\/P8qkcQ-4","_links":{"self":[{"href":"https:\/\/archivioocarm.com\/en\/wp-json\/wp\/v2\/pages\/4","targetHints":{"allow":["GET"]}}],"collection":[{"href":"https:\/\/archivioocarm.com\/en\/wp-json\/wp\/v2\/pages"}],"about":[{"href":"https:\/\/archivioocarm.com\/en\/wp-json\/wp\/v2\/types\/page"}],"author":[{"embeddable":true,"href":"https:\/\/archivioocarm.com\/en\/wp-json\/wp\/v2\/users\/117379667"}],"replies":[{"embeddable":true,"href":"https:\/\/archivioocarm.com\/en\/wp-json\/wp\/v2\/comments?post=4"}],"version-history":[{"count":25,"href":"https:\/\/archivioocarm.com\/en\/wp-json\/wp\/v2\/pages\/4\/revisions"}],"predecessor-version":[{"id":2830,"href":"https:\/\/archivioocarm.com\/en\/wp-json\/wp\/v2\/pages\/4\/revisions\/2830"}],"wp:featuredmedia":[{"embeddable":true,"href":"https:\/\/archivioocarm.com\/en\/wp-json\/wp\/v2\/media\/92"}],"wp:attachment":[{"href":"https:\/\/archivioocarm.com\/en\/wp-json\/wp\/v2\/media?parent=4"}],"wp:term":[{"taxonomy":"post_tag","embeddable":true,"href":"https:\/\/archivioocarm.com\/en\/wp-json\/wp\/v2\/tags?post=4"}],"curies":[{"name":"wp","href":"https:\/\/api.w.org\/{rel}","templated":true}]}}