{"id":3150,"date":"2026-03-18T11:14:04","date_gmt":"2026-03-18T10:14:04","guid":{"rendered":"https:\/\/archivioocarm.com\/?page_id=3150"},"modified":"2026-03-18T11:32:33","modified_gmt":"2026-03-18T10:32:33","slug":"assegno-di-ricerca-alla-memoria-di-p-emanuele-boaga-decima-edizione-2026","status":"publish","type":"page","link":"https:\/\/archivioocarm.com\/en\/assegno-di-ricerca-alla-memoria-di-p-emanuele-boaga-decima-edizione-2026\/","title":{"rendered":"Assegno di Ricerca alla memoria di p. Emanuele Boaga \u2013 Decima edizione\u00a0(2026)"},"content":{"rendered":"<h2 class=\"wp-block-heading has-text-align-center\"><mark style=\"background-color:rgba(0, 0, 0, 0);color:#3095cf\" class=\"has-inline-color\">Bando di selezione per il conferimento di n. 1 Assegno di Ricerca<\/mark><\/h2>\n\n\n\n<p class=\"has-text-align-center wp-block-paragraph\"><strong><u>Decorrenza 18 marzo 2026 \u2013 Scadenza 31 luglio 2026<\/u><\/strong><\/p>\n\n\n\n<figure class=\"wp-block-gallery has-nested-images columns-default is-cropped wp-block-gallery-1 is-layout-flex wp-block-gallery-is-layout-flex\">\n<figure class=\"wp-block-image size-full is-style-rounded\"><img data-recalc-dims=\"1\" loading=\"lazy\" decoding=\"async\" width=\"720\" height=\"665\" data-attachment-id=\"3170\" data-permalink=\"https:\/\/archivioocarm.com\/en\/assegno-di-ricerca-alla-memoria-di-p-emanuele-boaga-decima-edizione-2026\/im-i50-3\/\" data-orig-file=\"https:\/\/i0.wp.com\/archivioocarm.com\/wp-content\/uploads\/2026\/03\/Im.I50-2.jpg?fit=1731%2C1599&amp;ssl=1\" data-orig-size=\"1731,1599\" data-comments-opened=\"1\" data-image-meta=\"{&quot;aperture&quot;:&quot;0&quot;,&quot;credit&quot;:&quot;&quot;,&quot;camera&quot;:&quot;&quot;,&quot;caption&quot;:&quot;&quot;,&quot;created_timestamp&quot;:&quot;0&quot;,&quot;copyright&quot;:&quot;&quot;,&quot;focal_length&quot;:&quot;0&quot;,&quot;iso&quot;:&quot;0&quot;,&quot;shutter_speed&quot;:&quot;0&quot;,&quot;title&quot;:&quot;&quot;,&quot;orientation&quot;:&quot;0&quot;}\" data-image-title=\"Iconografia carm.\" data-image-description=\"&lt;p&gt;Iconografia carm.&lt;\/p&gt;\" data-image-caption=\"\" data-large-file=\"https:\/\/i0.wp.com\/archivioocarm.com\/wp-content\/uploads\/2026\/03\/Im.I50-2.jpg?fit=720%2C665&amp;ssl=1\" data-id=\"3170\" src=\"https:\/\/i0.wp.com\/archivioocarm.com\/wp-content\/uploads\/2026\/03\/Im.I50-2.jpg?resize=720%2C665&#038;ssl=1\" alt=\"\" class=\"wp-image-3170\" srcset=\"https:\/\/i0.wp.com\/archivioocarm.com\/wp-content\/uploads\/2026\/03\/Im.I50-2.jpg?w=1731&amp;ssl=1 1731w, https:\/\/i0.wp.com\/archivioocarm.com\/wp-content\/uploads\/2026\/03\/Im.I50-2.jpg?resize=300%2C277&amp;ssl=1 300w, https:\/\/i0.wp.com\/archivioocarm.com\/wp-content\/uploads\/2026\/03\/Im.I50-2.jpg?resize=1024%2C946&amp;ssl=1 1024w, https:\/\/i0.wp.com\/archivioocarm.com\/wp-content\/uploads\/2026\/03\/Im.I50-2.jpg?resize=768%2C709&amp;ssl=1 768w, https:\/\/i0.wp.com\/archivioocarm.com\/wp-content\/uploads\/2026\/03\/Im.I50-2.jpg?resize=1536%2C1419&amp;ssl=1 1536w, https:\/\/i0.wp.com\/archivioocarm.com\/wp-content\/uploads\/2026\/03\/Im.I50-2.jpg?resize=1200%2C1108&amp;ssl=1 1200w, https:\/\/i0.wp.com\/archivioocarm.com\/wp-content\/uploads\/2026\/03\/Im.I50-2.jpg?w=1440&amp;ssl=1 1440w\" sizes=\"auto, (max-width: 720px) 100vw, 720px\" \/><\/figure>\n<\/figure>\n\n\n\n<p class=\"wp-block-paragraph\"><\/p>\n\n\n\n<p class=\"has-text-align-justify wp-block-paragraph\">L\u2019Archivio Generale dell\u2019Ordine Carmelitano (d\u2019ora in poi AGOC) indice una selezione per\u00a0<strong>titoli<\/strong>\u00a0e\u00a0<strong>progetto<\/strong>\u00a0per il conferimento di\u00a0<strong>n. 1 assegno di ricerca<\/strong>, intitolato alla memoria dell\u2019archivista p. Emanuele Boaga, OCarm, per lo svolgimento di ricerche\u00a0<strong>storiche, storico-religiose, filologiche o archivistiche<\/strong>\u00a0relative all\u2019Ordine Carmelitano. Le ricerche dovranno essere condotte utilizzando il patrimonio dell\u2019AGOC e avranno come obiettivo la produzione di un elaborato scientifico (articolo, monografia, edizione di fonti, inventariazione ecc.). La Commissione scientifica si riserver\u00e0 di valutare la pubblicazione di tale elaborato nelle riviste o collane scientifiche dell\u2019Ordine Carmelitano.<\/p>\n\n\n\n<p class=\"wp-block-paragraph\">Importo dell\u2019assegno:&nbsp;<strong>5500 euro lordi<\/strong><\/p>\n\n\n\n<p class=\"has-text-align-justify wp-block-paragraph\">Regime di prestazione autonoma e assenza di vincoli di subordinazione: il vincitore non sar\u00e0 inserito nell\u2019organigramma dell\u2019Archivio n\u00e9 nelle sue attivit\u00e0 e potr\u00e0 liberamente organizzare la propria ricerca, anche da casa. Tasse ed eventuali contributi previdenziali saranno determinati sulla base del regime fiscale e previdenziale del vincitore (p.iva o gestione separata): per tale ragione il vincitore prescelto dovr\u00e0 comunicare la propria situazione fiscale all\u2019amministrazione dell\u2019Archivio al momento dell\u2019accettazione dell\u2019assegno.<\/p>\n\n\n\n<p class=\"wp-block-paragraph\"><em>Assegno&nbsp;compatibile&nbsp;con altre borse o redditi da lavoro.<\/em><\/p>\n\n\n\n<p class=\"has-text-align-justify wp-block-paragraph\"><strong>Durata:<\/strong>&nbsp;9 mesi (1 novembre 2026 \u2013 31 luglio 2027), durante i quali l\u2019assegnista sar\u00e0 libero di organizzare in autonomia tempi e modi della ricerca.<\/p>\n\n\n\n<p class=\"wp-block-paragraph\"><\/p>\n\n\n\n<div data-wp-interactive=\"core\/file\" class=\"wp-block-file\"><object data-wp-bind--hidden=\"!state.hasPdfPreview\" hidden class=\"wp-block-file__embed\" data=\"https:\/\/archivioocarm.com\/wp-content\/uploads\/2026\/03\/0.-BANDO-ASSEGNO-E.-BOAGA-2026-ITA.pdf\" type=\"application\/pdf\" style=\"width:100%;height:431px\" aria-label=\"Embed of &lt;strong&gt;0. BANDO ASSEGNO E. BOAGA 2026 - ITA download&lt;\/strong&gt;.\"><\/object><a id=\"wp-block-file--media-379a2fcc-2ec8-441e-b8fc-0760536fde52\" href=\"https:\/\/archivioocarm.com\/wp-content\/uploads\/2026\/03\/0.-BANDO-ASSEGNO-E.-BOAGA-2026-ITA.pdf\" target=\"_blank\" rel=\"noreferrer noopener\"><strong>0. BANDO ASSEGNO E. BOAGA 2026 &#8211; ITA download<\/strong><\/a><\/div>\n\n\n\n<div class=\"wp-block-file\"><a id=\"wp-block-file--media-889d48c5-9477-4e79-bd9e-4dedf2643c4d\" href=\"https:\/\/archivioocarm.com\/wp-content\/uploads\/2026\/03\/1.-BANDO-ASSEGNO-E.-BOAGA-2026-ENG.pdf\"><strong>1. BANDO ASSEGNO E. BOAGA 2026 &#8211; ENG<\/strong> <strong>download<\/strong><\/a><\/div>\n\n\n\n<div class=\"wp-block-file\"><a id=\"wp-block-file--media-e32708f3-1616-4ab4-a096-ed76d758b45c\" href=\"https:\/\/archivioocarm.com\/wp-content\/uploads\/2026\/03\/2.-BANDO-ASSEGNO-E.-BOAGA-2026-ESP.pdf\"><strong>2. BANDO ASSEGNO E. BOAGA 2026 &#8211; ESP<\/strong> <strong>download<\/strong><\/a><\/div>\n\n\n\n<div class=\"wp-block-file\"><a id=\"wp-block-file--media-0fb6c285-0d28-4804-a2de-4e6356d2c075\" href=\"https:\/\/archivioocarm.com\/wp-content\/uploads\/2026\/03\/3.-Allegato-1_DOMANDA-DI-AMMISSIONE-BANDO-BOAGA-2025.pdf\"><strong>3. Allegato 1_DOMANDA DI AMMISSIONE BANDO BOAGA 2025 <strong>download<\/strong><\/strong><\/a><\/div>\n\n\n\n<p class=\"wp-block-paragraph\"><\/p>","protected":false},"excerpt":{"rendered":"<p>Bando di selezione per il conferimento di n. 1 Assegno di Ricerca Decorrenza 18 marzo 2026 \u2013 Scadenza 31 luglio 2026 L\u2019Archivio Generale dell\u2019Ordine Carmelitano (d\u2019ora in poi AGOC) indice una selezione per\u00a0titoli\u00a0e\u00a0progetto\u00a0per il conferimento di\u00a0n. 1 assegno di ricerca, intitolato alla memoria dell\u2019archivista p. Emanuele Boaga, OCarm, per lo svolgimento di ricerche\u00a0storiche, storico-religiose, filologiche [&hellip;]<\/p>\n","protected":false},"author":117379667,"featured_media":0,"parent":0,"menu_order":1,"comment_status":"closed","ping_status":"closed","template":"","meta":{"_coblocks_attr":"","_coblocks_dimensions":"","_coblocks_responsive_height":"","_coblocks_accordion_ie_support":"","_crdt_document":"","advanced_seo_description":"","jetpack_seo_html_title":"","jetpack_seo_noindex":false,"footnotes":""},"tags":[765454384],"class_list":{"0":"post-3150","1":"page","2":"type-page","3":"status-publish","5":"tag-assegno-di-ricerca-archivio","6":"entry"},"jetpack_likes_enabled":true,"jetpack_sharing_enabled":true,"jetpack_shortlink":"https:\/\/wp.me\/P8qkcQ-OO","_links":{"self":[{"href":"https:\/\/archivioocarm.com\/en\/wp-json\/wp\/v2\/pages\/3150","targetHints":{"allow":["GET"]}}],"collection":[{"href":"https:\/\/archivioocarm.com\/en\/wp-json\/wp\/v2\/pages"}],"about":[{"href":"https:\/\/archivioocarm.com\/en\/wp-json\/wp\/v2\/types\/page"}],"author":[{"embeddable":true,"href":"https:\/\/archivioocarm.com\/en\/wp-json\/wp\/v2\/users\/117379667"}],"replies":[{"embeddable":true,"href":"https:\/\/archivioocarm.com\/en\/wp-json\/wp\/v2\/comments?post=3150"}],"version-history":[{"count":13,"href":"https:\/\/archivioocarm.com\/en\/wp-json\/wp\/v2\/pages\/3150\/revisions"}],"predecessor-version":[{"id":3177,"href":"https:\/\/archivioocarm.com\/en\/wp-json\/wp\/v2\/pages\/3150\/revisions\/3177"}],"wp:attachment":[{"href":"https:\/\/archivioocarm.com\/en\/wp-json\/wp\/v2\/media?parent=3150"}],"wp:term":[{"taxonomy":"post_tag","embeddable":true,"href":"https:\/\/archivioocarm.com\/en\/wp-json\/wp\/v2\/tags?post=3150"}],"curies":[{"name":"wp","href":"https:\/\/api.w.org\/{rel}","templated":true}]}}