{"id":1324,"date":"2021-02-02T11:35:19","date_gmt":"2021-02-02T10:35:19","guid":{"rendered":"http:\/\/archivioocarm.com\/?page_id=1324"},"modified":"2023-05-31T11:37:11","modified_gmt":"2023-05-31T09:37:11","slug":"assegno-di-ricerca-alla-memoria-di-p-emanuele-boaga-o-carm-quinta-edizione-2021","status":"publish","type":"page","link":"https:\/\/archivioocarm.com\/en\/assegno-di-ricerca-alla-memoria-di-p-emanuele-boaga-o-carm-quinta-edizione-2021\/","title":{"rendered":"Assegno di ricerca alla memoria di p. Emanuele Boaga, O.Carm. \u2013 Quinta edizione (2021)"},"content":{"rendered":"<div class=\"wp-block-image\">\n<figure class=\"aligncenter size-large\"><img data-recalc-dims=\"1\" loading=\"lazy\" decoding=\"async\" width=\"720\" height=\"537\" data-attachment-id=\"1333\" data-permalink=\"https:\/\/archivioocarm.com\/en\/s_-angelo-miracula_0035-1\/\" data-orig-file=\"https:\/\/i0.wp.com\/archivioocarm.com\/wp-content\/uploads\/2021\/02\/s_-angelo-miracula_0035-1.jpg?fit=1591%2C1187&amp;ssl=1\" data-orig-size=\"1591,1187\" data-comments-opened=\"1\" data-image-meta=\"{&quot;aperture&quot;:&quot;0&quot;,&quot;credit&quot;:&quot;Picasa&quot;,&quot;camera&quot;:&quot;&quot;,&quot;caption&quot;:&quot;&quot;,&quot;created_timestamp&quot;:&quot;1554289872&quot;,&quot;copyright&quot;:&quot;&quot;,&quot;focal_length&quot;:&quot;0&quot;,&quot;iso&quot;:&quot;0&quot;,&quot;shutter_speed&quot;:&quot;0&quot;,&quot;title&quot;:&quot;&quot;,&quot;orientation&quot;:&quot;0&quot;}\" data-image-title=\"Documenti\" data-image-description=\"&lt;p&gt;Documenti&lt;\/p&gt;\" data-image-caption=\"\" data-large-file=\"https:\/\/i0.wp.com\/archivioocarm.com\/wp-content\/uploads\/2021\/02\/s_-angelo-miracula_0035-1.jpg?fit=720%2C537&amp;ssl=1\" src=\"https:\/\/i0.wp.com\/archivioocarm.com\/wp-content\/uploads\/2021\/02\/s_-angelo-miracula_0035-1.jpg?resize=720%2C537&#038;ssl=1\" alt=\"\" class=\"wp-image-1333\" \/><\/figure>\n<\/div>\n\n\n<h4 class=\"wp-block-heading has-text-align-center\" id=\"bando-di-selezione-per-il-conferimento-di-n-1-assegno-di-ricerca\"><strong><span class=\"has-inline-color has-vivid-red-color\">BANDO DI SELEZIONE PER IL CONFERIMENTO DI N. 1 ASSEGNO DI RICERCA<\/span><\/strong><\/h4>\n\n\n\n<p class=\"has-text-align-center wp-block-paragraph\"><strong><u>Decorrenza 2 febbraio 2021 \u2013 Scadenza 30 settembre 2021<\/u><\/strong><\/p>\n\n\n\n<p class=\"has-text-align-justify wp-block-paragraph\">Conformemente alle proprie finalit\u00e0, l\u2019Archivio Generale dell\u2019Ordine Carmelitano (d\u2019ora in poi AGOC) indice una selezione per&nbsp;<strong>titoli<\/strong>&nbsp;e&nbsp;<strong>colloquio<\/strong>&nbsp;per il conferimento a studiosi di&nbsp;<strong>n. 1 assegno di ricerca<\/strong>, intitolato alla memoria dell\u2019archivista p. Emanuele Boaga, O.Carm., per lo svolgimento di ricerche storiche, storico-religiose, filologiche o archivistiche relative all\u2019Ordine Carmelitano, da condursi utilizzando il patrimonio dell\u2019AGOC, e che abbiano come obiettivo la produzione di un elaborato scientifico (articolo, monografia, edizione di fonti, inventariazione ecc.). La Commissione scientifica si riserver\u00e0 di valutare la pubblicazione di tale elaborato nelle riviste o collane scientifiche dell\u2019Ordine Carmelitano.<\/p>\n\n\n\n<p class=\"has-text-align-justify wp-block-paragraph\"><strong>Importo dell\u2019assegno:<\/strong> 5500 euro lordi.<\/p>\n\n\n\n<p class=\"has-text-align-justify wp-block-paragraph\">Regime di prestazione autonoma e assenza di vincoli di subordinazione: il vincitore non sar\u00e0 inserito nell\u2019organigramma dell\u2019Archivio n\u00e9 nelle sue attivit\u00e0 e potr\u00e0 liberamente organizzare la propria ricerca, anche da casa. Tasse ed eventuali contributi previdenziali saranno determinati sulla base del regime fiscale e previdenziale del vincitore (p.iva o gestione separata): per tale ragione il vincitore prescelto dovr\u00e0 comunicare la propria situazione fiscale all\u2019amministrazione dell\u2019Archivio al momento dell\u2019accettazione dell\u2019assegno.<\/p>\n\n\n\n<p class=\"has-text-align-justify wp-block-paragraph\"><em>Assegno&nbsp;compatibile&nbsp;con altre borse o redditi da lavoro.<\/em><\/p>\n\n\n\n<p class=\"has-text-align-justify wp-block-paragraph\"><strong>Durata:<\/strong> 9 mesi (1 novembre 2021 \u2013 31 luglio 2022), durante i quali l\u2019assegnista sar\u00e0 libero di organizzare in autonomia tempi e modi della ricerca.<\/p>\n\n\n\n<p class=\"has-text-align-justify wp-block-paragraph\">Per ogni richiesta di ulteriori informazioni, v\u2019invitiamo a scrivere al seguente indirizzo: <span style=\"color:#0006a3\" class=\"has-inline-color\"><span style=\"text-decoration:underline\"><strong>archivio@ocarm.org<\/strong><\/span> <\/span><\/p>\n\n\n\n<div class=\"wp-block-file\"><a id=\"wp-block-file--media-b68cdcf1-c112-43e2-b901-fb89cd02c182\" href=\"https:\/\/archivioocarm.com\/wp-content\/uploads\/2021\/02\/1.bando-assegno-e.-boaga-2021-ita.pdf\" target=\"_blank\" rel=\"noreferrer noopener\"><span class=\"uppercase\"><mark style=\"background-color:rgba(0, 0, 0, 0)\" class=\"has-inline-color has-vivid-red-color\"><strong><span style=\"text-decoration:underline\">1. SCARICA IL BANDO 2021-ita<\/span><\/strong><\/mark><\/span><\/a><\/div>\n\n\n\n<div class=\"wp-block-file\"><a id=\"wp-block-file--media-2aff7183-eee7-4f73-b3b5-4ff90a62fd5d\" href=\"https:\/\/archivioocarm.com\/wp-content\/uploads\/2021\/02\/1.bando-assegno-e.-boaga-2021-esp.pdf\" target=\"_blank\" rel=\"noreferrer noopener\"><span class=\"uppercase\"><strong><mark style=\"background-color:rgba(0, 0, 0, 0)\" class=\"has-inline-color has-vivid-red-color\"><span style=\"text-decoration:underline\">2. SCARICA IL BANDO 2021-esp<\/span><\/mark><\/strong><\/span><\/a><\/div>\n\n\n\n<div class=\"wp-block-file\"><a id=\"wp-block-file--media-a115f97c-88a9-442f-a682-26aafd5eb569\" href=\"https:\/\/archivioocarm.com\/wp-content\/uploads\/2021\/02\/1.bando-assegno-e.-boaga-2021-eng.pdf\" target=\"_blank\" rel=\"noreferrer noopener\"><span class=\"uppercase\"><strong><mark style=\"background-color:rgba(0, 0, 0, 0)\" class=\"has-inline-color has-vivid-red-color\"><span style=\"text-decoration:underline\">3. SCARICA IL BANDO 2021-eng<\/span><\/mark><\/strong><\/span><\/a><\/div>\n\n\n\n<div class=\"wp-block-file\"><a id=\"wp-block-file--media-c3446d2e-8cdd-4516-8c4c-cd3bfdd56813\" href=\"https:\/\/archivioocarm.com\/wp-content\/uploads\/2021\/09\/2.allegato-1_domanda-di-ammissione-bando-boaga-2021-1.pdf\" target=\"_blank\" rel=\"noreferrer noopener\"><br><strong><mark style=\"background-color:rgba(0, 0, 0, 0)\" class=\"has-inline-color has-vivid-red-color\">4. SCARICA allegato 1_DOMANDA DI AMMISSIONE BANDO BOAGA 2021<\/mark><\/strong><\/a><\/div>\n\n\n\n<div class=\"wp-block-file\"><a id=\"wp-block-file--media-ef1a90e6-89dd-4df5-9da7-b364dbb52dc2\" href=\"https:\/\/archivioocarm.com\/wp-content\/uploads\/2021\/11\/v-bando-boaga_verbale-di-assegnazione-sito.internet.pdf\" target=\"_blank\" rel=\"noreferrer noopener\"><strong><mark style=\"background-color:rgba(0,0,0,0)\" class=\"has-inline-color has-vivid-red-color\">BANDO BOAGA 2021 &#8211; VERBALE ASSEGNAZIONE VINCITORE<\/mark><\/strong><\/a><\/div>\n\n\n\n<p class=\"wp-block-paragraph\"><\/p>\n\n\n\n<p class=\"has-text-align-justify wp-block-paragraph\">La Quinta edizione dell\u2019Assegno di ricerca intitolato alla memoria di p. Emanuele Boaga (2021) \u00e8 stata vinta da Alessia Brombin, dottoranda di ricerca in Teologia alla Pontificia Universit\u00e0 Gregoriana. Lavorer\u00e0 a un progetto intitolato:&nbsp;\u201cTrascrizione del manoscritto&nbsp;<em>Compendio della vita e delle virt\u00f9 della venerabile suor Lucrezia Michelini carmelitana (1662)<\/em>, contenuto nelle&nbsp;<em>Vitae servorum Dei Carmelitarum<\/em>&nbsp;di padre Serafino Potenza\u201d.<\/p>","protected":false},"excerpt":{"rendered":"<p>BANDO DI SELEZIONE PER IL CONFERIMENTO DI N. 1 ASSEGNO DI RICERCA Decorrenza 2 febbraio 2021 \u2013 Scadenza 30 settembre 2021 Conformemente alle proprie finalit\u00e0, l\u2019Archivio Generale dell\u2019Ordine Carmelitano (d\u2019ora in poi AGOC) indice una selezione per&nbsp;titoli&nbsp;e&nbsp;colloquio&nbsp;per il conferimento a studiosi di&nbsp;n. 1 assegno di ricerca, intitolato alla memoria dell\u2019archivista p. Emanuele Boaga, O.Carm., per [&hellip;]<\/p>\n","protected":false},"author":117379667,"featured_media":0,"parent":0,"menu_order":0,"comment_status":"closed","ping_status":"closed","template":"","meta":{"_coblocks_attr":"","_coblocks_dimensions":"","_coblocks_responsive_height":"","_coblocks_accordion_ie_support":"","_crdt_document":"","advanced_seo_description":"","jetpack_seo_html_title":"","jetpack_seo_noindex":false,"footnotes":""},"tags":[765454384],"class_list":{"0":"post-1324","1":"page","2":"type-page","3":"status-publish","5":"tag-assegno-di-ricerca-archivio","6":"entry"},"jetpack_likes_enabled":true,"jetpack_sharing_enabled":true,"jetpack_shortlink":"https:\/\/wp.me\/P8qkcQ-lm","_links":{"self":[{"href":"https:\/\/archivioocarm.com\/en\/wp-json\/wp\/v2\/pages\/1324","targetHints":{"allow":["GET"]}}],"collection":[{"href":"https:\/\/archivioocarm.com\/en\/wp-json\/wp\/v2\/pages"}],"about":[{"href":"https:\/\/archivioocarm.com\/en\/wp-json\/wp\/v2\/types\/page"}],"author":[{"embeddable":true,"href":"https:\/\/archivioocarm.com\/en\/wp-json\/wp\/v2\/users\/117379667"}],"replies":[{"embeddable":true,"href":"https:\/\/archivioocarm.com\/en\/wp-json\/wp\/v2\/comments?post=1324"}],"version-history":[{"count":25,"href":"https:\/\/archivioocarm.com\/en\/wp-json\/wp\/v2\/pages\/1324\/revisions"}],"predecessor-version":[{"id":1769,"href":"https:\/\/archivioocarm.com\/en\/wp-json\/wp\/v2\/pages\/1324\/revisions\/1769"}],"wp:attachment":[{"href":"https:\/\/archivioocarm.com\/en\/wp-json\/wp\/v2\/media?parent=1324"}],"wp:term":[{"taxonomy":"post_tag","embeddable":true,"href":"https:\/\/archivioocarm.com\/en\/wp-json\/wp\/v2\/tags?post=1324"}],"curies":[{"name":"wp","href":"https:\/\/api.w.org\/{rel}","templated":true}]}}