{"id":1091,"date":"2020-02-06T11:01:10","date_gmt":"2020-02-06T10:01:10","guid":{"rendered":"http:\/\/archivioocarm.com\/?page_id=1091"},"modified":"2023-05-31T11:56:38","modified_gmt":"2023-05-31T09:56:38","slug":"assegno-di-ricerca-alla-memoria-di-p-emanuele-boaga-ocarm-quarta-edizione-2020","status":"publish","type":"page","link":"https:\/\/archivioocarm.com\/en\/assegno-di-ricerca-alla-memoria-di-p-emanuele-boaga-ocarm-quarta-edizione-2020\/","title":{"rendered":"Assegno di ricerca alla memoria di p. Emanuele Boaga, O.Carm. \u2013 Quarta edizione (2020)"},"content":{"rendered":"<div class=\"entry-content\">\n<p><img data-recalc-dims=\"1\" loading=\"lazy\" decoding=\"async\" data-attachment-id=\"1105\" data-permalink=\"https:\/\/archivioocarm.com\/en\/assegno-di-ricerca-alla-memoria-di-p-emanuele-boaga-ocarm-quarta-edizione-2020\/ff_-107r-127r_0001\/\" data-orig-file=\"https:\/\/i0.wp.com\/archivioocarm.com\/wp-content\/uploads\/2020\/02\/ff_-107r-127r_0001-1.jpg?fit=2644%2C1581&amp;ssl=1\" data-orig-size=\"2644,1581\" data-comments-opened=\"1\" data-image-meta=\"{&quot;aperture&quot;:&quot;0&quot;,&quot;credit&quot;:&quot;Picasa&quot;,&quot;camera&quot;:&quot;&quot;,&quot;caption&quot;:&quot;&quot;,&quot;created_timestamp&quot;:&quot;1576585706&quot;,&quot;copyright&quot;:&quot;&quot;,&quot;focal_length&quot;:&quot;0&quot;,&quot;iso&quot;:&quot;0&quot;,&quot;shutter_speed&quot;:&quot;0&quot;,&quot;title&quot;:&quot;&quot;,&quot;orientation&quot;:&quot;0&quot;}\" data-image-title=\"Documenti\" data-image-description=\"&lt;p&gt;Documenti&lt;\/p&gt;\" data-image-caption=\"\" data-large-file=\"https:\/\/i0.wp.com\/archivioocarm.com\/wp-content\/uploads\/2020\/02\/ff_-107r-127r_0001-1.jpg?fit=720%2C431&amp;ssl=1\" class=\"size-full wp-image-1105 aligncenter\" src=\"https:\/\/i0.wp.com\/archivioocarm.com\/wp-content\/uploads\/2020\/02\/ff_-107r-127r_0001-1.jpg?resize=720%2C431&#038;ssl=1\" alt=\"ff_ 107r-127r_0001\" width=\"720\" height=\"431\" \/><\/p>\n<h4 class=\"entry-title\" style=\"text-align: center\"><span style=\"color: #993366\"><strong>BANDO DI SELEZIONE PER IL CONFERIMENTO DI N. 1 ASSEGNO DI RICERCA<\/strong><\/span><\/h4>\n<p style=\"text-align: center\"><strong>AGGIORNAMENTO SCADENZE<\/strong><\/p>\n<div class=\"entry-content\">\n<p style=\"text-align: center\"><span style=\"color: #993366\"><strong><u>Decorrenza 1 febbraio 2020 \u2013 Scadenza 30 settembre 2020<\/u><\/strong><\/span><\/p>\n<p>\u00a0<\/p>\n<\/div>\n<p style=\"text-align: justify\">Conformemente alle proprie finalit\u00e0, l\u2019Archivio Generale dell\u2019Ordine Carmelitano (d\u2019ora in poi AGOC) indice una selezione per <strong>titoli<\/strong> e <strong>colloquio<\/strong> per il conferimento a studiosi di <strong>n. 1 assegno di ricerca<\/strong>, intitolato alla memoria dell\u2019archivista p. Emanuele Boaga, O.Carm., per lo svolgimento di ricerche storiche, storico-religiose, filologiche o archivistiche relative all\u2019Ordine Carmelitano, da condursi utilizzando il patrimonio dell\u2019AGOC, e che abbiano come obiettivo la produzione di un elaborato scientifico (articolo, monografia, edizione di fonti, inventariazione ecc.). La Commissione scientifica si riserver\u00e0 di valutare la pubblicazione di tale elaborato nelle riviste o collane scientifiche dell\u2019Ordine Carmelitano.<\/p>\n<p style=\"text-align: justify\">Importo dell\u2019assegno: 5500 euro lordi<\/p>\n<p style=\"text-align: justify\">Regime di prestazione autonoma e assenza di vincoli di subordinazione: il vincitore non sar\u00e0 inserito nell\u2019organigramma dell\u2019Archivio n\u00e9 nelle sue attivit\u00e0 e potr\u00e0 liberamente organizzare la propria ricerca, anche da casa. Tasse ed eventuali contributi previdenziali saranno determinati sulla base del regime fiscale e previdenziale del vincitore (p.iva o gestione separata): per tale ragione il vincitore prescelto dovr\u00e0 comunicare la propria situazione fiscale all\u2019amministrazione dell\u2019Archivio al momento dell\u2019accettazione dell\u2019assegno.<\/p>\n<p style=\"text-align: justify\">Assegno\u00a0compatibile\u00a0con altre borse o redditi da lavoro.<\/p>\n<p style=\"text-align: justify\">Durata: 9 mesi (1 novembre 2020 &#8211; 31 luglio 2021), durante i quali l\u2019assegnista sar\u00e0 libero di organizzare in autonomia tempi e modi della ricerca.<\/p>\n<p>Per ogni richiesta di ulteriori informazioni, v\u2019invitiamo a scrivere al seguente indirizzo: archivio@ocarm.org<\/p>\n<\/div>\n<p><span style=\"color: #0000ff\"><strong><a style=\"color: #0000ff\" title=\"AGGIORNAMENTO_1.BANDO ASSEGNO E. BOAGA 2020 ITA\" href=\"https:\/\/archivioocarm.com\/wp-content\/uploads\/2020\/05\/aggiornamento_1.bando-assegno-e.-boaga-2020-ita.pdf\" target=\"_blank\" rel=\"noopener\">scarica AGGIORNAMENTO_1.BANDO ASSEGNO E. BOAGA 2020 ITA<\/a><\/strong><\/span><\/p>\n<p><span style=\"color: #0000ff\"><strong><a style=\"color: #0000ff\" title=\"AGGIORNAMENTO_2.BANDO ASSEGNO E. BOAGA 2020 ESP\" href=\"https:\/\/archivioocarm.com\/wp-content\/uploads\/2020\/05\/aggiornamento_2.bando-assegno-e.-boaga-2020-esp.pdf\" target=\"_blank\" rel=\"noopener\">scarica AGGIORNAMENTO_2.BANDO ASSEGNO E. BOAGA 2020 ESP<\/a><\/strong><\/span><\/p>\n<p><span style=\"color: #0000ff\"><strong><a style=\"color: #0000ff\" title=\"AGGIORNAMENTO_3.BANDO ASSEGNO E. BOAGA 2020 ENG\" href=\"https:\/\/archivioocarm.com\/wp-content\/uploads\/2020\/05\/aggiornamento_3.bando-assegno-e.-boaga-2020-eng.pdf\" target=\"_blank\" rel=\"noopener\">scarica AGGIORNAMENTO_3.BANDO ASSEGNO E. BOAGA 2020 ENG<\/a><\/strong><\/span><\/p>\n<p><span style=\"color: #0000ff\"><strong><a style=\"color: #0000ff\" title=\"AGGIORNAMENTO_4.allegato 1_DOMANDA DI AMMISSIONE BANDO BOAGA 2020 - Copia\" href=\"https:\/\/archivioocarm.com\/wp-content\/uploads\/2020\/05\/aggiornamento_4.allegato-1_domanda-di-ammissione-bando-boaga-2020-copia.pdf\" target=\"_blank\" rel=\"noopener\">scarica AGGIORNAMENTO_4.allegato_DOMANDA DI AMMISSIONE BANDO BOAGA 2020<\/a><\/strong><\/span><\/p>\n\n\n<p class=\"wp-block-paragraph\"><\/p>\n\n\n\n<p class=\"wp-block-paragraph\"><\/p>\n\n\n\n<p class=\"has-text-align-justify wp-block-paragraph\">La Quarta edizione dell\u2019Assegno di ricerca intitolato alla memoria di p. Emanuele Boaga \u00e8 stata vinta da Flavia Di Giampaolo, dottoressa di ricerca in Scienze del testo e archivista paleografa diplomata alla Scuola APD dell\u2019Archivio di Stato di Roma. Lavorer\u00e0 a un progetto intitolato:&nbsp;<em>Il diario di viaggio di Giovanni Antonio Filippini, priore generale: edizione critica e contestualizzazione storica<\/em>.<\/p>\n\n\n\n<div class=\"wp-block-file\"><a id=\"wp-block-file--media-47688c57-0ff2-4c2e-8cbe-5fa12d0c2511\" href=\"https:\/\/archivioocarm.com\/wp-content\/uploads\/2020\/11\/iv-bando-boaga_verbale-di-assegnazione-sito.internet.pdf\" target=\"_blank\" rel=\"noreferrer noopener\"><strong><mark style=\"background-color:rgba(0, 0, 0, 0);color:#c53737\" class=\"has-inline-color\">SCARICA Bando Assegno Boaga_2020 &#8211; Verbale Commissione giudicatrice<\/mark><\/strong><\/a><\/div>\n\n\n\n<p class=\"wp-block-paragraph\"><\/p>","protected":false},"excerpt":{"rendered":"<p>BANDO DI SELEZIONE PER IL CONFERIMENTO DI N. 1 ASSEGNO DI RICERCA AGGIORNAMENTO SCADENZE Decorrenza 1 febbraio 2020 \u2013 Scadenza 30 settembre 2020 \u00a0 Conformemente alle proprie finalit\u00e0, l\u2019Archivio Generale dell\u2019Ordine Carmelitano (d\u2019ora in poi AGOC) indice una selezione per titoli e colloquio per il conferimento a studiosi di n. 1 assegno di ricerca, intitolato [&hellip;]<\/p>\n","protected":false},"author":117379667,"featured_media":0,"parent":0,"menu_order":0,"comment_status":"closed","ping_status":"closed","template":"","meta":{"_coblocks_attr":"","_coblocks_dimensions":"","_coblocks_responsive_height":"","_coblocks_accordion_ie_support":"","_crdt_document":"","advanced_seo_description":"","jetpack_seo_html_title":"","jetpack_seo_noindex":false,"footnotes":""},"tags":[765454384],"class_list":{"0":"post-1091","1":"page","2":"type-page","3":"status-publish","5":"tag-assegno-di-ricerca-archivio","6":"entry"},"jetpack_likes_enabled":true,"jetpack_sharing_enabled":true,"jetpack_shortlink":"https:\/\/wp.me\/P8qkcQ-hB","_links":{"self":[{"href":"https:\/\/archivioocarm.com\/en\/wp-json\/wp\/v2\/pages\/1091","targetHints":{"allow":["GET"]}}],"collection":[{"href":"https:\/\/archivioocarm.com\/en\/wp-json\/wp\/v2\/pages"}],"about":[{"href":"https:\/\/archivioocarm.com\/en\/wp-json\/wp\/v2\/types\/page"}],"author":[{"embeddable":true,"href":"https:\/\/archivioocarm.com\/en\/wp-json\/wp\/v2\/users\/117379667"}],"replies":[{"embeddable":true,"href":"https:\/\/archivioocarm.com\/en\/wp-json\/wp\/v2\/comments?post=1091"}],"version-history":[{"count":25,"href":"https:\/\/archivioocarm.com\/en\/wp-json\/wp\/v2\/pages\/1091\/revisions"}],"predecessor-version":[{"id":1786,"href":"https:\/\/archivioocarm.com\/en\/wp-json\/wp\/v2\/pages\/1091\/revisions\/1786"}],"wp:attachment":[{"href":"https:\/\/archivioocarm.com\/en\/wp-json\/wp\/v2\/media?parent=1091"}],"wp:term":[{"taxonomy":"post_tag","embeddable":true,"href":"https:\/\/archivioocarm.com\/en\/wp-json\/wp\/v2\/tags?post=1091"}],"curies":[{"name":"wp","href":"https:\/\/api.w.org\/{rel}","templated":true}]}}